{"id":21,"date":"2024-08-28T07:43:50","date_gmt":"2024-08-28T05:43:50","guid":{"rendered":"https:\/\/alorybnik.polsl.pl\/call\/?page_id=21"},"modified":"2025-02-12T14:53:14","modified_gmt":"2025-02-12T13:53:14","slug":"contact","status":"publish","type":"page","link":"https:\/\/alorybnik.polsl.pl\/call\/index.php\/contact\/","title":{"rendered":"Contact"},"content":{"rendered":"\n<div class=\"wp-block-columns is-layout-flex wp-container-core-columns-is-layout-28f84493 wp-block-columns-is-layout-flex\">\n<div class=\"wp-block-column is-vertically-aligned-center is-layout-flow wp-block-column-is-layout-flow\" style=\"flex-basis:100%\">\n<p class=\"has-text-align-center\">Project webpage: https:\/\/alorybnik.polsl.pl\/call<\/p>\n\n\n\n<ul class=\"wp-block-social-links aligncenter is-layout-flex wp-block-social-links-is-layout-flex\"><li class=\"wp-social-link wp-social-link-facebook  wp-block-social-link\"><a href=\"https:\/\/www.facebook.com\/people\/Connect-To-The-Life-Erasmus-Project\/61561034007337\/\" class=\"wp-block-social-link-anchor\"><svg width=\"24\" height=\"24\" viewBox=\"0 0 24 24\" version=\"1.1\" xmlns=\"http:\/\/www.w3.org\/2000\/svg\" aria-hidden=\"true\" focusable=\"false\"><path d=\"M12 2C6.5 2 2 6.5 2 12c0 5 3.7 9.1 8.4 9.9v-7H7.9V12h2.5V9.8c0-2.5 1.5-3.9 3.8-3.9 1.1 0 2.2.2 2.2.2v2.5h-1.3c-1.2 0-1.6.8-1.6 1.6V12h2.8l-.4 2.9h-2.3v7C18.3 21.1 22 17 22 12c0-5.5-4.5-10-10-10z\"><\/path><\/svg><span class=\"wp-block-social-link-label screen-reader-text\">Facebook<\/span><\/a><\/li><\/ul>\n\n\n\n<p class=\"has-text-align-center\">Facebook: <a href=\"https:\/\/www.facebook.com\/people\/Connect-To-The-Life-Erasmus-Project\/61561034007337\/\">https:\/\/www.facebook.com\/people\/Connect-To-The-Life-Erasmus-Project\/61561034007337\/<\/a><\/p>\n<\/div>\n<\/div>\n\n\n\n<p><\/p>\n\n\n\n<div class=\"wp-block-group alignwide is-nowrap is-layout-flex wp-container-core-group-is-layout-f66f9956 wp-block-group-is-layout-flex\">\n<p>Akademickie Liceum Og\u00f3lnokszta\u0142c\u0105ce Politechniki \u015al\u0105skiej <br>ul. Ko\u015bciuszki 54<br>44-200 Rybnik<br>Poland<br>E-mail: alorybnik@polsl.pl<br>Website: www.alorybnik.polsl.pl<\/p>\n\n\n\n<p><strong>AGIFODENT ASSOCIATION<\/strong> <br>Santa Ana 1 Bajo,<br>18190 &#8211; Cenes de la Vega, Granada<br>Spain<br>Email:\u00a0secretaria@agifodent.es<br>Website:\u00a0www.agifodent.es<\/p>\n\n\n\n<p>Eski\u015fehir Anadolu Lisesi<br>S\u00dcMER MAHALLES\u0130 Y\u00d6R\u00dcKO\u011eLU SOKAK NO 21\/A<br>ODUNPAZARI\/ESK\u0130\u015eEH\u0130R<br>Turkiye<br>Website: https:\/\/eskisehiranadolulisesi.meb.k12.tr\/<\/p>\n\n\n\n<p><\/p>\n<\/div>\n\n\n\n<p><\/p>\n","protected":false},"excerpt":{"rendered":"<p>Project webpage: https:\/\/alorybnik.polsl.pl\/call Facebook: https:\/\/www.facebook.com\/people\/Connect-To-The-Life-Erasmus-Project\/61561034007337\/ Akademickie Liceum Og\u00f3lnokszta\u0142c\u0105ce Politechniki \u015al\u0105skiej ul. Ko\u015bciuszki 5444-200 RybnikPolandE-mail: alorybnik@polsl.plWebsite: www.alorybnik.polsl.pl AGIFODENT ASSOCIATION Santa Ana 1 Bajo,18190 &#8211; Cenes de la Vega, GranadaSpainEmail:\u00a0secretaria@agifodent.esWebsite:\u00a0www.agifodent.es Eski\u015fehir Anadolu LisesiS\u00dcMER MAHALLES\u0130 Y\u00d6R\u00dcKO\u011eLU SOKAK NO 21\/AODUNPAZARI\/ESK\u0130\u015eEH\u0130RTurkiyeWebsite: https:\/\/eskisehiranadolulisesi.meb.k12.tr\/<\/p>\n","protected":false},"author":2,"featured_media":0,"parent":0,"menu_order":0,"comment_status":"closed","ping_status":"closed","template":"","meta":{"footnotes":""},"class_list":["post-21","page","type-page","status-publish","hentry"],"_links":{"self":[{"href":"https:\/\/alorybnik.polsl.pl\/call\/index.php\/wp-json\/wp\/v2\/pages\/21","targetHints":{"allow":["GET"]}}],"collection":[{"href":"https:\/\/alorybnik.polsl.pl\/call\/index.php\/wp-json\/wp\/v2\/pages"}],"about":[{"href":"https:\/\/alorybnik.polsl.pl\/call\/index.php\/wp-json\/wp\/v2\/types\/page"}],"author":[{"embeddable":true,"href":"https:\/\/alorybnik.polsl.pl\/call\/index.php\/wp-json\/wp\/v2\/users\/2"}],"replies":[{"embeddable":true,"href":"https:\/\/alorybnik.polsl.pl\/call\/index.php\/wp-json\/wp\/v2\/comments?post=21"}],"version-history":[{"count":10,"href":"https:\/\/alorybnik.polsl.pl\/call\/index.php\/wp-json\/wp\/v2\/pages\/21\/revisions"}],"predecessor-version":[{"id":332,"href":"https:\/\/alorybnik.polsl.pl\/call\/index.php\/wp-json\/wp\/v2\/pages\/21\/revisions\/332"}],"wp:attachment":[{"href":"https:\/\/alorybnik.polsl.pl\/call\/index.php\/wp-json\/wp\/v2\/media?parent=21"}],"curies":[{"name":"wp","href":"https:\/\/api.w.org\/{rel}","templated":true}]}}